{"id":1238,"date":"2022-09-20T18:26:50","date_gmt":"2022-09-20T16:26:50","guid":{"rendered":"https:\/\/arevipharma.com\/services\/"},"modified":"2023-03-02T08:34:53","modified_gmt":"2023-03-02T07:34:53","slug":"services","status":"publish","type":"page","link":"https:\/\/arevipharma.com\/en\/services\/","title":{"rendered":"<span title=\"Services\">Services<\/span>"},"content":{"rendered":"<section class=\"l-section wpb_row height_medium\"><div class=\"l-section-h i-cf\"><div class=\"g-cols vc_row via_grid cols_1 laptops-cols_inherit tablets-cols_inherit mobiles-cols_1 valign_top type_default stacking_default\"><div class=\"wpb_column vc_column_container\"><div class=\"vc_column-inner\"><div class=\"wpb_text_column\"><div class=\"wpb_wrapper\"><p>Dies ist eine Beispiel-Seite. Sie unterscheidet sich von Beitr\u00e4gen, da sie stets an derselben Stelle bleibt und (bei den meisten Themes) in der Website-Navigation angezeigt wird. Die meisten starten mit einem Impressum, der Datenschutzerkl\u00e4rung oder einer \u201e\u00dcber\u00a0uns\u201c-Seite, um sich potenziellen Besuchern der Website vorzustellen. Dort k\u00f6nnte zum Beispiel stehen:<\/p>\n<p><!-- \/wp:post-content --><\/p>\n<p>&nbsp;<\/p>\n<p><!-- wp:quote --><\/p>\n<blockquote class=\"wp-block-quote\">\n<p>Hallo! Tags\u00fcber arbeite ich als Fahrradkurier, nachts bin ich ein aufstrebender Schauspieler und dies hier ist meine Website. Ich lebe in Berlin, habe einen gro\u00dfen Hund namens Jack, mag Pi\u00f1a Coladas, jedoch weniger (ohne Schirm) im Regen stehen gelassen zu werden<\/p>\n<\/blockquote>\n<p><!-- \/wp:quote --><\/p>\n<p>&nbsp;<\/p>\n<p><!-- wp:paragraph --><\/p>\n<p>&#8230;\u00a0oder so etwas wie:<\/p>\n<p><!-- \/wp:paragraph --><\/p>\n<p>&nbsp;<\/p>\n<p><!-- wp:quote --><\/p>\n<blockquote class=\"wp-block-quote\">\n<p>Das Unternehmen XYZ wurde 1971 gegr\u00fcndet und versorgt die \u00d6ffentlichkeit seither mit qualitativ hochwertigen Produkten. An seinem Standort in einer kleinen Gro\u00dfstadt besch\u00e4ftigt der Betrieb \u00fcber 2.000 Menschen und unterst\u00fctzt die Stadtbewohner in vielfacher Hinsicht.<\/p>\n<\/blockquote>\n<p><!-- \/wp:quote --><\/p>\n<p>&nbsp;<\/p>\n<p><!-- wp:paragraph --><\/p>\n<p>Als neuer WordPress-Benutzer sollten Sie <a href=\"https:\/\/arevipharma.com\/wp-admin\/\">Ihr Dashboard<\/a> aufrufen, um diese Seite zu l\u00f6schen und neue Seiten und Beitr\u00e4ge f\u00fcr Ihre Website erstellen. Viel Spa\u00df!<\/p>\n<\/div><\/div><\/div><\/div><\/div><\/div><\/section>\n","protected":false},"excerpt":{"rendered":"Dies ist eine Beispiel-Seite. Sie unterscheidet sich von Beitr\u00e4gen, da sie stets an derselben Stelle bleibt und (bei den meisten Themes) in der Website-Navigation angezeigt wird. Die meisten starten mit einem Impressum, der Datenschutzerkl\u00e4rung oder einer \u201e\u00dcber\u00a0uns\u201c-Seite, um sich potenziellen Besuchern der Website vorzustellen. Dort k\u00f6nnte zum Beispiel stehen: &nbsp; Hallo! Tags\u00fcber arbeite ich als...","protected":false},"author":5,"featured_media":0,"parent":0,"menu_order":3,"comment_status":"closed","ping_status":"closed","template":"","meta":{"_acf_changed":false,"inline_featured_image":false,"footnotes":""},"class_list":["post-1238","page","type-page","status-publish","hentry"],"acf":[],"yoast_head":"<!-- This site is optimized with the Yoast SEO plugin v27.3 - https:\/\/yoast.com\/product\/yoast-seo-wordpress\/ -->\n<title>Services - Arevipharma<\/title>\n<meta name=\"robots\" content=\"index, follow, max-snippet:-1, max-image-preview:large, max-video-preview:-1\" \/>\n<link rel=\"canonical\" href=\"https:\/\/arevipharma.com\/en\/services\/\" \/>\n<meta property=\"og:locale\" content=\"en_US\" \/>\n<meta property=\"og:type\" content=\"article\" \/>\n<meta property=\"og:title\" content=\"Services - Arevipharma\" \/>\n<meta property=\"og:url\" content=\"https:\/\/arevipharma.com\/en\/services\/\" \/>\n<meta property=\"og:site_name\" content=\"Arevipharma\" \/>\n<meta property=\"article:publisher\" content=\"https:\/\/www.facebook.com\/arevipharma\" \/>\n<meta property=\"article:modified_time\" content=\"2023-03-02T07:34:53+00:00\" \/>\n<meta property=\"og:image\" content=\"https:\/\/arevipharma.com\/wp-content\/uploads\/logo_arevipharma_querformat_RGB-scaled.jpg\" \/>\n\t<meta property=\"og:image:width\" content=\"2560\" \/>\n\t<meta property=\"og:image:height\" content=\"468\" \/>\n\t<meta property=\"og:image:type\" content=\"image\/jpeg\" \/>\n<meta name=\"twitter:card\" content=\"summary_large_image\" \/>\n<meta name=\"twitter:label1\" content=\"Est. reading time\" \/>\n\t<meta name=\"twitter:data1\" content=\"1 minute\" \/>\n<script type=\"application\/ld+json\" class=\"yoast-schema-graph\">{\"@context\":\"https:\\\/\\\/schema.org\",\"@graph\":[{\"@type\":\"WebPage\",\"@id\":\"https:\\\/\\\/arevipharma.com\\\/en\\\/services\\\/\",\"url\":\"https:\\\/\\\/arevipharma.com\\\/en\\\/services\\\/\",\"name\":\"Services - Arevipharma\",\"isPartOf\":{\"@id\":\"https:\\\/\\\/arevipharma.com\\\/#website\"},\"datePublished\":\"2022-09-20T16:26:50+00:00\",\"dateModified\":\"2023-03-02T07:34:53+00:00\",\"breadcrumb\":{\"@id\":\"https:\\\/\\\/arevipharma.com\\\/en\\\/services\\\/#breadcrumb\"},\"inLanguage\":\"en-US\",\"potentialAction\":[{\"@type\":\"ReadAction\",\"target\":[\"https:\\\/\\\/arevipharma.com\\\/en\\\/services\\\/\"]}]},{\"@type\":\"BreadcrumbList\",\"@id\":\"https:\\\/\\\/arevipharma.com\\\/en\\\/services\\\/#breadcrumb\",\"itemListElement\":[{\"@type\":\"ListItem\",\"position\":1,\"name\":\"Home\",\"item\":\"https:\\\/\\\/arevipharma.com\\\/en\\\/\"},{\"@type\":\"ListItem\",\"position\":2,\"name\":\"Services\"}]},{\"@type\":\"WebSite\",\"@id\":\"https:\\\/\\\/arevipharma.com\\\/#website\",\"url\":\"https:\\\/\\\/arevipharma.com\\\/\",\"name\":\"Arevipharma\",\"description\":\"Manufacturing health.\",\"publisher\":{\"@id\":\"https:\\\/\\\/arevipharma.com\\\/#organization\"},\"alternateName\":\"Arevipharma GmbH\",\"potentialAction\":[{\"@type\":\"SearchAction\",\"target\":{\"@type\":\"EntryPoint\",\"urlTemplate\":\"https:\\\/\\\/arevipharma.com\\\/?s={search_term_string}\"},\"query-input\":{\"@type\":\"PropertyValueSpecification\",\"valueRequired\":true,\"valueName\":\"search_term_string\"}}],\"inLanguage\":\"en-US\"},{\"@type\":\"Organization\",\"@id\":\"https:\\\/\\\/arevipharma.com\\\/#organization\",\"name\":\"Arevipharma GmbH\",\"alternateName\":\"Arevipharma\",\"url\":\"https:\\\/\\\/arevipharma.com\\\/\",\"logo\":{\"@type\":\"ImageObject\",\"inLanguage\":\"en-US\",\"@id\":\"https:\\\/\\\/arevipharma.com\\\/#\\\/schema\\\/logo\\\/image\\\/\",\"url\":\"https:\\\/\\\/arevipharma.com\\\/wp-content\\\/uploads\\\/logo_arevipharma_querformat-Claim_RGB.png\",\"contentUrl\":\"https:\\\/\\\/arevipharma.com\\\/wp-content\\\/uploads\\\/logo_arevipharma_querformat-Claim_RGB.png\",\"width\":4000,\"height\":1100,\"caption\":\"Arevipharma GmbH\"},\"image\":{\"@id\":\"https:\\\/\\\/arevipharma.com\\\/#\\\/schema\\\/logo\\\/image\\\/\"},\"sameAs\":[\"https:\\\/\\\/www.facebook.com\\\/arevipharma\",\"https:\\\/\\\/www.linkedin.com\\\/company\\\/arevipharma-gmbh\\\/\",\"https:\\\/\\\/www.instagram.com\\\/arevipharma\\\/\"]}]}<\/script>\n<!-- \/ Yoast SEO plugin. -->","yoast_head_json":{"title":"Services - Arevipharma","robots":{"index":"index","follow":"follow","max-snippet":"max-snippet:-1","max-image-preview":"max-image-preview:large","max-video-preview":"max-video-preview:-1"},"canonical":"https:\/\/arevipharma.com\/en\/services\/","og_locale":"en_US","og_type":"article","og_title":"Services - Arevipharma","og_url":"https:\/\/arevipharma.com\/en\/services\/","og_site_name":"Arevipharma","article_publisher":"https:\/\/www.facebook.com\/arevipharma","article_modified_time":"2023-03-02T07:34:53+00:00","og_image":[{"width":2560,"height":468,"url":"https:\/\/arevipharma.com\/wp-content\/uploads\/logo_arevipharma_querformat_RGB-scaled.jpg","type":"image\/jpeg"}],"twitter_card":"summary_large_image","twitter_misc":{"Est. reading time":"1 minute"},"schema":{"@context":"https:\/\/schema.org","@graph":[{"@type":"WebPage","@id":"https:\/\/arevipharma.com\/en\/services\/","url":"https:\/\/arevipharma.com\/en\/services\/","name":"Services - Arevipharma","isPartOf":{"@id":"https:\/\/arevipharma.com\/#website"},"datePublished":"2022-09-20T16:26:50+00:00","dateModified":"2023-03-02T07:34:53+00:00","breadcrumb":{"@id":"https:\/\/arevipharma.com\/en\/services\/#breadcrumb"},"inLanguage":"en-US","potentialAction":[{"@type":"ReadAction","target":["https:\/\/arevipharma.com\/en\/services\/"]}]},{"@type":"BreadcrumbList","@id":"https:\/\/arevipharma.com\/en\/services\/#breadcrumb","itemListElement":[{"@type":"ListItem","position":1,"name":"Home","item":"https:\/\/arevipharma.com\/en\/"},{"@type":"ListItem","position":2,"name":"Services"}]},{"@type":"WebSite","@id":"https:\/\/arevipharma.com\/#website","url":"https:\/\/arevipharma.com\/","name":"Arevipharma","description":"Manufacturing health.","publisher":{"@id":"https:\/\/arevipharma.com\/#organization"},"alternateName":"Arevipharma GmbH","potentialAction":[{"@type":"SearchAction","target":{"@type":"EntryPoint","urlTemplate":"https:\/\/arevipharma.com\/?s={search_term_string}"},"query-input":{"@type":"PropertyValueSpecification","valueRequired":true,"valueName":"search_term_string"}}],"inLanguage":"en-US"},{"@type":"Organization","@id":"https:\/\/arevipharma.com\/#organization","name":"Arevipharma GmbH","alternateName":"Arevipharma","url":"https:\/\/arevipharma.com\/","logo":{"@type":"ImageObject","inLanguage":"en-US","@id":"https:\/\/arevipharma.com\/#\/schema\/logo\/image\/","url":"https:\/\/arevipharma.com\/wp-content\/uploads\/logo_arevipharma_querformat-Claim_RGB.png","contentUrl":"https:\/\/arevipharma.com\/wp-content\/uploads\/logo_arevipharma_querformat-Claim_RGB.png","width":4000,"height":1100,"caption":"Arevipharma GmbH"},"image":{"@id":"https:\/\/arevipharma.com\/#\/schema\/logo\/image\/"},"sameAs":["https:\/\/www.facebook.com\/arevipharma","https:\/\/www.linkedin.com\/company\/arevipharma-gmbh\/","https:\/\/www.instagram.com\/arevipharma\/"]}]}},"_links":{"self":[{"href":"https:\/\/arevipharma.com\/en\/wp-json\/wp\/v2\/pages\/1238","targetHints":{"allow":["GET"]}}],"collection":[{"href":"https:\/\/arevipharma.com\/en\/wp-json\/wp\/v2\/pages"}],"about":[{"href":"https:\/\/arevipharma.com\/en\/wp-json\/wp\/v2\/types\/page"}],"author":[{"embeddable":true,"href":"https:\/\/arevipharma.com\/en\/wp-json\/wp\/v2\/users\/5"}],"replies":[{"embeddable":true,"href":"https:\/\/arevipharma.com\/en\/wp-json\/wp\/v2\/comments?post=1238"}],"version-history":[{"count":0,"href":"https:\/\/arevipharma.com\/en\/wp-json\/wp\/v2\/pages\/1238\/revisions"}],"wp:attachment":[{"href":"https:\/\/arevipharma.com\/en\/wp-json\/wp\/v2\/media?parent=1238"}],"curies":[{"name":"wp","href":"https:\/\/api.w.org\/{rel}","templated":true}]}}